{"id":355,"date":"2022-10-28T14:06:53","date_gmt":"2022-10-28T11:06:53","guid":{"rendered":"https:\/\/demo.creativethemes.com\/elementor\/restaurant\/?page_id=355"},"modified":"2023-06-02T13:02:47","modified_gmt":"2023-06-02T10:02:47","slug":"archiki","status":"publish","type":"page","link":"https:\/\/chanioportarestaurant.gr\/de\/","title":{"rendered":"Home"},"content":{"rendered":"<div data-elementor-type=\"wp-page\" data-elementor-id=\"355\" class=\"elementor elementor-355\" data-elementor-post-type=\"page\">\n\t\t\t\t<div class=\"elementor-element elementor-element-7b61a1b e-flex e-con-boxed e-con e-parent\" data-id=\"7b61a1b\" data-element_type=\"container\" data-e-type=\"container\" data-settings=\"{&quot;background_background&quot;:&quot;classic&quot;}\">\n\t\t\t\t\t<div class=\"e-con-inner\">\n\t\t\t\t<div class=\"elementor-element elementor-element-dca14e9 elementor-widget elementor-widget-heading\" data-id=\"dca14e9\" data-element_type=\"widget\" data-e-type=\"widget\" data-widget_type=\"heading.default\">\n\t\t\t\t<div class=\"elementor-widget-container\">\n\t\t\t\t\t<h2 class=\"elementor-heading-title elementor-size-default\">Das Leben ist zu kurz f\u00fcr langweiliges Essen<\/h2>\t\t\t\t<\/div>\n\t\t\t\t<\/div>\n\t\t\t\t<div class=\"elementor-element elementor-element-3cdc092 elementor-widget elementor-widget-text-editor\" data-id=\"3cdc092\" data-element_type=\"widget\" data-e-type=\"widget\" data-widget_type=\"text-editor.default\">\n\t\t\t\t<div class=\"elementor-widget-container\">\n\t\t\t\t\t\t\t\t\t<p>Wir sind stolz darauf, authentische kretische K\u00fcche zu servieren, die die lebendigen Aromen unserer sch\u00f6nen Insel einf\u00e4ngt.<\/p>\t\t\t\t\t\t\t\t<\/div>\n\t\t\t\t<\/div>\n\t\t\t\t<div class=\"elementor-element elementor-element-10f672d ct-animated-scroll-icon elementor-view-default elementor-widget elementor-widget-icon\" data-id=\"10f672d\" data-element_type=\"widget\" data-e-type=\"widget\" data-widget_type=\"icon.default\">\n\t\t\t\t<div class=\"elementor-widget-container\">\n\t\t\t\t\t\t\t<div class=\"elementor-icon-wrapper\">\n\t\t\t<div class=\"elementor-icon\">\n\t\t\t<svg xmlns=\"http:\/\/www.w3.org\/2000\/svg\" viewbox=\"0 0 50 50\"><path d=\"M25 0C16.4 0 9.4 7 9.4 15.6v18.8a15.6 15.6 0 0 0 31.2 0V15.6C40.6 7 33.6 0 25 0zm12.5 34.4a12.5 12.5 0 0 1-25 0V15.6a12.5 12.5 0 0 1 25 0v18.8z\"><\/path><circle cx=\"25\" cy=\"11.6\" r=\"4\"><\/circle><\/svg>\t\t\t<\/div>\n\t\t<\/div>\n\t\t\t\t\t\t<\/div>\n\t\t\t\t<\/div>\n\t\t\t\t\t<\/div>\n\t\t\t\t<\/div>\n\t\t<div class=\"elementor-element elementor-element-cdff539 e-flex e-con-boxed e-con e-parent\" data-id=\"cdff539\" data-element_type=\"container\" data-e-type=\"container\">\n\t\t\t\t\t<div class=\"e-con-inner\">\n\t\t<div class=\"elementor-element elementor-element-38116a2 e-flex e-con-boxed e-con e-child\" data-id=\"38116a2\" data-element_type=\"container\" data-e-type=\"container\">\n\t\t\t\t\t<div class=\"e-con-inner\">\n\t\t<div class=\"elementor-element elementor-element-b67e9e9 e-flex e-con-boxed e-con e-child\" data-id=\"b67e9e9\" data-element_type=\"container\" data-e-type=\"container\" data-settings=\"{&quot;background_background&quot;:&quot;classic&quot;}\">\n\t\t\t\t\t<div class=\"e-con-inner\">\n\t\t\t\t<div class=\"elementor-element elementor-element-54b98c2 elementor-view-default elementor-position-block-start elementor-mobile-position-block-start elementor-widget elementor-widget-icon-box\" data-id=\"54b98c2\" data-element_type=\"widget\" data-e-type=\"widget\" data-widget_type=\"icon-box.default\">\n\t\t\t\t<div class=\"elementor-widget-container\">\n\t\t\t\t\t\t\t<div class=\"elementor-icon-box-wrapper\">\n\n\t\t\t\t\t\t<div class=\"elementor-icon-box-icon\">\n\t\t\t\t<span  class=\"elementor-icon\">\n\t\t\t\t<svg xmlns=\"http:\/\/www.w3.org\/2000\/svg\" viewbox=\"0 0 50 50\"><path d=\"M25 50a25 25 0 1 1 0-50 25 25 0 0 1 0 50zm0-46.4a21.4 21.4 0 1 0 0 42.8 21.4 21.4 0 0 0 0-42.8zm9 27c.5-.8.2-2-.7-2.3L26.9 25V15c0-1-.8-1.8-1.8-1.8s-1.8.8-1.8 1.8v11c0 .8.4 1.4 1 1.7l7.4 3.7.8.2c.6 0 1.3-.4 1.6-1z\"><\/path><\/svg>\t\t\t\t<\/span>\n\t\t\t<\/div>\n\t\t\t\n\t\t\t\t\t\t<div class=\"elementor-icon-box-content\">\n\n\t\t\t\t\t\t\t\t\t<h5 class=\"elementor-icon-box-title\">\n\t\t\t\t\t\t<span  >\n\t\t\t\t\t\t\tBetriebszeiten\t\t\t\t\t\t<\/span>\n\t\t\t\t\t<\/h5>\n\t\t\t\t\n\t\t\t\t\t\t\t\t\t<p class=\"elementor-icon-box-description\">\n\t\t\t\t\t\tDeut. So. \/ 12 - 12 Uhr\t\t\t\t\t<\/p>\n\t\t\t\t\n\t\t\t<\/div>\n\t\t\t\n\t\t<\/div>\n\t\t\t\t\t\t<\/div>\n\t\t\t\t<\/div>\n\t\t\t\t\t<\/div>\n\t\t\t\t<\/div>\n\t\t<div class=\"elementor-element elementor-element-9a9d089 e-flex e-con-boxed e-con e-child\" data-id=\"9a9d089\" data-element_type=\"container\" data-e-type=\"container\" data-settings=\"{&quot;background_background&quot;:&quot;classic&quot;}\">\n\t\t\t\t\t<div class=\"e-con-inner\">\n\t\t\t\t<div class=\"elementor-element elementor-element-c140229 elementor-view-default elementor-position-block-start elementor-mobile-position-block-start elementor-widget elementor-widget-icon-box\" data-id=\"c140229\" data-element_type=\"widget\" data-e-type=\"widget\" data-widget_type=\"icon-box.default\">\n\t\t\t\t<div class=\"elementor-widget-container\">\n\t\t\t\t\t\t\t<div class=\"elementor-icon-box-wrapper\">\n\n\t\t\t\t\t\t<div class=\"elementor-icon-box-icon\">\n\t\t\t\t<span  class=\"elementor-icon\">\n\t\t\t\t<svg xmlns=\"http:\/\/www.w3.org\/2000\/svg\" viewbox=\"0 0 50 50\"><path d=\"M50 1.2c-.2-.8-1-1.2-1.7-1L25 6.5 1.8.2h-.4C.6.1 0 .8 0 1.6V42c0 .6.4 1.2 1 1.4l23.6 6.4h.7L49 43.4c.6-.2 1-.7 1-1.4V1.2zM2.8 3.4l20.7 5.7v37.5L2.8 40.9V3.4zm44.4 37.5-20.7 5.7V9.1l20.7-5.7v37.5z\"><\/path><path class=\"st0\" d=\"m7 21.2 12.6 3.3h.4c.6 0 1.2-.4 1.4-1.1.2-.8-.2-1.5-1-1.7L7.7 18.5c-.8-.2-1.5.2-1.7 1s.2 1.5 1 1.7zm13.3 10L7.7 27.8c-.7-.1-1.4.3-1.6 1-.2.7.2 1.5.9 1.8l12.6 3.3h.4c.6 0 1.2-.4 1.4-1.1.1-.7-.4-1.4-1.1-1.6zm9.8-14.4h.4l12.6-3.4c.8-.2 1.2-1 1-1.7-.2-.8-1-1.2-1.7-1l-12.6 3.4c-.6.2-1.1.7-1.1 1.4s.6 1.3 1.4 1.3zM42.3 19l-12.6 3.3c-.6.2-1 .7-1.1 1.4 0 .8.6 1.4 1.4 1.4h.4L43 21.8c.8-.2 1.2-1 1-1.7s-.9-1.3-1.7-1.1zM30.1 33.4h.4L43.1 30c.8-.2 1.2-1 1-1.7s-1-1.2-1.7-1l-12.6 3.4c-.6.2-1.1.7-1.1 1.4s.6 1.3 1.4 1.3zm12.2 2.2-2.3.6c-.6.2-1.1.7-1.1 1.4 0 .8.6 1.4 1.4 1.4h.4l2.3-.6c.7-.2 1.2-1 1-1.7-.1-.9-.9-1.3-1.7-1.1zm-12.2 6.1h.4l4.7-1.2c.7-.2 1.2-1 1-1.7-.2-.8-1-1.2-1.7-1L29.8 39c-.6.2-1.1.7-1.1 1.4s.6 1.3 1.4 1.3z\"><\/path><\/svg>\t\t\t\t<\/span>\n\t\t\t<\/div>\n\t\t\t\n\t\t\t\t\t\t<div class=\"elementor-icon-box-content\">\n\n\t\t\t\t\t\t\t\t\t<h5 class=\"elementor-icon-box-title\">\n\t\t\t\t\t\t<span  >\n\t\t\t\t\t\t\tTisch buchen\t\t\t\t\t\t<\/span>\n\t\t\t\t\t<\/h5>\n\t\t\t\t\n\t\t\t\t\t\t\t\t\t<p class=\"elementor-icon-box-description\">\n\t\t\t\t\t\t+330 281 031 0820\t\t\t\t\t<\/p>\n\t\t\t\t\n\t\t\t<\/div>\n\t\t\t\n\t\t<\/div>\n\t\t\t\t\t\t<\/div>\n\t\t\t\t<\/div>\n\t\t\t\t\t<\/div>\n\t\t\t\t<\/div>\n\t\t<div class=\"elementor-element elementor-element-c8e3c7d e-flex e-con-boxed e-con e-child\" data-id=\"c8e3c7d\" data-element_type=\"container\" data-e-type=\"container\" data-settings=\"{&quot;background_background&quot;:&quot;classic&quot;}\">\n\t\t\t\t\t<div class=\"e-con-inner\">\n\t\t\t\t<div class=\"elementor-element elementor-element-cf16864 elementor-view-default elementor-position-block-start elementor-mobile-position-block-start elementor-widget elementor-widget-icon-box\" data-id=\"cf16864\" data-element_type=\"widget\" data-e-type=\"widget\" data-widget_type=\"icon-box.default\">\n\t\t\t\t<div class=\"elementor-widget-container\">\n\t\t\t\t\t\t\t<div class=\"elementor-icon-box-wrapper\">\n\n\t\t\t\t\t\t<div class=\"elementor-icon-box-icon\">\n\t\t\t\t<span  class=\"elementor-icon\">\n\t\t\t\t<svg xmlns=\"http:\/\/www.w3.org\/2000\/svg\" viewbox=\"0 0 50 50\"><path d=\"M42.5 10.6h-11V1.5c0-.5-.3-1-.7-1.2-.4-.3-1-.3-1.4-.1L6.9 10.7l-.1.1h-.1l-.2.2-.2.2v.1l-.1.2v37.2c-.2.6.5 1.3 1.3 1.3h35.1c.8 0 1.5-.7 1.5-1.5V12c-.1-.8-.8-1.4-1.6-1.4zM28.6 3.8v6.8H14l14.6-6.8zm12.5 43.3H8.9V13.5H41v33.6zm-9.6-8.3c0 .8-.7 1.5-1.5 1.5H20c-.8 0-1.5-.7-1.5-1.5s.7-1.5 1.5-1.5h10c.8.1 1.5.7 1.5 1.5zm-4.9-18.2c0-.8-.7-1.5-1.5-1.5s-1.5.7-1.5 1.5v.3c-5 .7-8.9 4.9-8.9 10.1 0 .8.7 1.5 1.5 1.5h17.5c.8 0 1.5-.7 1.5-1.5 0-5.1-3.8-9.3-8.6-10.1v-.3zm5.6 9H17.8c.7-3.3 3.6-5.8 7.2-5.8s6.5 2.4 7.2 5.8z\"><\/path><\/svg>\t\t\t\t<\/span>\n\t\t\t<\/div>\n\t\t\t\n\t\t\t\t\t\t<div class=\"elementor-icon-box-content\">\n\n\t\t\t\t\t\t\t\t\t<h5 class=\"elementor-icon-box-title\">\n\t\t\t\t\t\t<span  >\n\t\t\t\t\t\t\tMen\u00fc\t\t\t\t\t\t<\/span>\n\t\t\t\t\t<\/h5>\n\t\t\t\t\n\t\t\t\t\t\t\t\t\t<p class=\"elementor-icon-box-description\">\n\t\t\t\t\t\tSchmecken Sie den Unterschied\t\t\t\t\t<\/p>\n\t\t\t\t\n\t\t\t<\/div>\n\t\t\t\n\t\t<\/div>\n\t\t\t\t\t\t<\/div>\n\t\t\t\t<\/div>\n\t\t\t\t\t<\/div>\n\t\t\t\t<\/div>\n\t\t\t\t\t<\/div>\n\t\t\t\t<\/div>\n\t\t\t\t\t<\/div>\n\t\t\t\t<\/div>\n\t\t<div class=\"elementor-element elementor-element-4ebe4a7 e-flex e-con-boxed e-con e-parent\" data-id=\"4ebe4a7\" data-element_type=\"container\" data-e-type=\"container\">\n\t\t\t\t\t<div class=\"e-con-inner\">\n\t\t<div class=\"elementor-element elementor-element-251498c e-con-full e-flex e-con e-child\" data-id=\"251498c\" data-element_type=\"container\" data-e-type=\"container\">\n\t\t\t\t<div class=\"elementor-element elementor-element-aa96599 elementor-widget elementor-widget-image\" data-id=\"aa96599\" data-element_type=\"widget\" data-e-type=\"widget\" data-widget_type=\"image.default\">\n\t\t\t\t<div class=\"elementor-widget-container\">\n\t\t\t\t\t\t\t\t\t\t\t\t\t\t\t<img fetchpriority=\"high\" decoding=\"async\" width=\"705\" height=\"888\" src=\"https:\/\/chanioportarestaurant.gr\/wp-content\/uploads\/2022\/10\/home-composition-image-1.webp\" class=\"attachment-large size-large wp-image-98\" alt=\"\" srcset=\"https:\/\/chanioportarestaurant.gr\/wp-content\/uploads\/2022\/10\/home-composition-image-1.webp 705w, https:\/\/chanioportarestaurant.gr\/wp-content\/uploads\/2022\/10\/home-composition-image-1-238x300.webp 238w\" sizes=\"(max-width: 705px) 100vw, 705px\" \/>\t\t\t\t\t\t\t\t\t\t\t\t\t\t\t<\/div>\n\t\t\t\t<\/div>\n\t\t\t\t<\/div>\n\t\t<div class=\"elementor-element elementor-element-0ec9f6b e-con-full e-flex e-con e-child\" data-id=\"0ec9f6b\" data-element_type=\"container\" data-e-type=\"container\" data-settings=\"{&quot;background_background&quot;:&quot;classic&quot;}\">\n\t\t\t\t<\/div>\n\t\t<div class=\"elementor-element elementor-element-166590d e-con-full e-flex e-con e-child\" data-id=\"166590d\" data-element_type=\"container\" data-e-type=\"container\">\n\t\t\t\t<div class=\"elementor-element elementor-element-8aab82b elementor-widget elementor-widget-heading\" data-id=\"8aab82b\" data-element_type=\"widget\" data-e-type=\"widget\" data-widget_type=\"heading.default\">\n\t\t\t\t<div class=\"elementor-widget-container\">\n\t\t\t\t\t<h2 class=\"elementor-heading-title elementor-size-default\">Der beste Ort zum Essen ist das Restaurant Hanioporta<\/h2>\t\t\t\t<\/div>\n\t\t\t\t<\/div>\n\t\t\t\t<div class=\"elementor-element elementor-element-ceb07fa elementor-widget elementor-widget-text-editor\" data-id=\"ceb07fa\" data-element_type=\"widget\" data-e-type=\"widget\" data-widget_type=\"text-editor.default\">\n\t\t\t\t<div class=\"elementor-widget-container\">\n\t\t\t\t\t\t\t\t\t<p>Begeben Sie sich auf eine kulinarische Reise in Chanioporta, der Heimat der authentischen kretischen K\u00fcche in Heraklion.<\/p>\t\t\t\t\t\t\t\t<\/div>\n\t\t\t\t<\/div>\n\t\t<div class=\"elementor-element elementor-element-0e277cb e-flex e-con-boxed e-con e-child\" data-id=\"0e277cb\" data-element_type=\"container\" data-e-type=\"container\">\n\t\t\t\t\t<div class=\"e-con-inner\">\n\t\t\t\t<div class=\"elementor-element elementor-element-31ba06e elementor-icon-list--layout-inline elementor-align-center elementor-list-item-link-full_width elementor-widget elementor-widget-icon-list\" data-id=\"31ba06e\" data-element_type=\"widget\" data-e-type=\"widget\" data-widget_type=\"icon-list.default\">\n\t\t\t\t<div class=\"elementor-widget-container\">\n\t\t\t\t\t\t\t<ul class=\"elementor-icon-list-items elementor-inline-items\">\n\t\t\t\t\t\t\t<li class=\"elementor-icon-list-item elementor-inline-item\">\n\t\t\t\t\t\t\t\t\t\t\t<span class=\"elementor-icon-list-icon\">\n\t\t\t\t\t\t\t<i aria-hidden=\"true\" class=\"fas fa-shopping-bag\"><\/i>\t\t\t\t\t\t<\/span>\n\t\t\t\t\t\t\t\t\t\t<span class=\"elementor-icon-list-text\">wegbringen<\/span>\n\t\t\t\t\t\t\t\t\t<\/li>\n\t\t\t\t\t\t\t\t<li class=\"elementor-icon-list-item elementor-inline-item\">\n\t\t\t\t\t\t\t\t\t\t\t<span class=\"elementor-icon-list-icon\">\n\t\t\t\t\t\t\t<i aria-hidden=\"true\" class=\"fas fa-truck\"><\/i>\t\t\t\t\t\t<\/span>\n\t\t\t\t\t\t\t\t\t\t<span class=\"elementor-icon-list-text\">Lieferung<\/span>\n\t\t\t\t\t\t\t\t\t<\/li>\n\t\t\t\t\t\t<\/ul>\n\t\t\t\t\t\t<\/div>\n\t\t\t\t<\/div>\n\t\t\t\t\t<\/div>\n\t\t\t\t<\/div>\n\t\t\t\t<\/div>\n\t\t\t\t\t<\/div>\n\t\t\t\t<\/div>\n\t\t<div class=\"elementor-element elementor-element-7676a8e e-flex e-con-boxed e-con e-parent\" data-id=\"7676a8e\" data-element_type=\"container\" data-e-type=\"container\">\n\t\t\t\t\t<div class=\"e-con-inner\">\n\t\t<div class=\"elementor-element elementor-element-f366423 e-con-full e-flex e-con e-child\" data-id=\"f366423\" data-element_type=\"container\" data-e-type=\"container\">\n\t\t\t\t<div class=\"elementor-element elementor-element-e259a5f elementor-widget elementor-widget-text-editor\" data-id=\"e259a5f\" data-element_type=\"widget\" data-e-type=\"widget\" data-widget_type=\"text-editor.default\">\n\t\t\t\t<div class=\"elementor-widget-container\">\n\t\t\t\t\t\t\t\t\t<div class=\"jxjCjc\"><div class=\"gQfZge\"><div class=\"BgXiYe\"><div><div class=\"Jtu6Td\"><span tabindex=\"-1\" data-expandable-section=\"\">Obwohl es sich um eine Art Schnellrestaurant mit Fertiggerichten handelt, war Thrir Mussaka sehr, sehr lecker. Das Personal ist sehr fr\u00f6hlich, l\u00e4chelnd und freundlich und es war ein Vergn\u00fcgen, hier einen Snack zu essen.<\/span><\/div><div class=\"hTt9T\">\u00a0<\/div><\/div><\/div><\/div><\/div><div class=\"DQBZx\"><div class=\"mR2gOd\"><div class=\"EDblX DAVP1\"><div><div class=\"JrO5Xe\" role=\"img\" aria-label=\"Fotos\">\u00a0<\/div><\/div><\/div><\/div><\/div>\t\t\t\t\t\t\t\t<\/div>\n\t\t\t\t<\/div>\n\t\t\t\t<div class=\"elementor-element elementor-element-e9e693a elementor-widget elementor-widget-wp-widget-vikwp_tripadvisoreview\" data-id=\"e9e693a\" data-element_type=\"widget\" data-e-type=\"widget\" data-widget_type=\"wp-widget-vikwp_tripadvisoreview.default\">\n\t\t\t\t<div class=\"elementor-widget-container\">\n\t\t\t\t\t\t<div id=\"TA_selfserveprop4\" class=\"viktacnt TA_selfserveprop\">\n\t\t<ul id=\"LN6IRZ9U5XGS\" class=\"TA_links SHjeWmHcfsW\">\n\t\t<li id=\"RudzFvi1Yl\" class=\"6zFmqoPKmoWs\"> \n\t\t\t<a target=\"_blank\" href=\"https:\/\/www.tripadvisor.com\/Restaurant_Review-g189417-d15117195-Reviews-Chanioporta-Heraklion_Crete.html\"><\/a> \n\t\t<\/li>\n\t\t<\/ul>\n\t<\/div>\n\t\t\t<script src=\"https:\/\/www.tripadvisor.com\/WidgetEmbed-selfserveprop&amp;uniq=4&amp;locationId=0000&amp;lang=en_US&amp;rating=true&amp;nreviews=3&amp;writereviewlink=true&amp;popIdx=true&amp;iswide=false&amp;border=true&display_version=2\"><\/script>\n\t\t\t\t\t<\/div>\n\t\t\t\t<\/div>\n\t\t\t\t<\/div>\n\t\t<div class=\"elementor-element elementor-element-d765863 e-con-full e-flex e-con e-child\" data-id=\"d765863\" data-element_type=\"container\" data-e-type=\"container\" data-settings=\"{&quot;background_background&quot;:&quot;classic&quot;}\">\n\t\t\t\t<div class=\"elementor-element elementor-element-1bfb680 elementor-view-default elementor-position-block-start elementor-mobile-position-block-start elementor-widget elementor-widget-icon-box\" data-id=\"1bfb680\" data-element_type=\"widget\" data-e-type=\"widget\" data-widget_type=\"icon-box.default\">\n\t\t\t\t<div class=\"elementor-widget-container\">\n\t\t\t\t\t\t\t<div class=\"elementor-icon-box-wrapper\">\n\n\t\t\t\t\t\t<div class=\"elementor-icon-box-icon\">\n\t\t\t\t<span  class=\"elementor-icon\">\n\t\t\t\t<svg xmlns=\"http:\/\/www.w3.org\/2000\/svg\" viewbox=\"0 0 60 60\"><path d=\"M41.5 56.1h-2.3a2.4 2.4 0 0 1-2.3-2.4V49c0-.6.2-1.2.7-1.7a2 2 0 0 1 1.6-.7h2.3c2.5 0 4.8-1 6.5-2.8a9.4 9.4 0 0 0 2.7-6.7v-1.2c0-.9-.3-1.9-1-2.5-.6-.7-1.5-1-2.5-1h-8.1c-1.9 0-3.6-.7-4.9-2.1a6.8 6.8 0 0 1-2-5V11a7 7 0 0 1 6.9-7.1h13.8c1.9 0 3.6.7 4.9 2.1a6.8 6.8 0 0 1 2 5v26.1c0 2.5-.5 5-1.5 7.3-.9 2.2-2.3 4.3-3.9 6.1a20.2 20.2 0 0 1-5.9 4.1c-2.1 1-4.5 1.5-7 1.5zm-32.3 0H6.9a2.4 2.4 0 0 1-2.3-2.4V49c0-.6.2-1.2.7-1.7a2 2 0 0 1 1.6-.7h2.3c2.5 0 4.8-1 6.5-2.8a9.4 9.4 0 0 0 2.7-6.7v-1.2c0-.9-.3-1.9-1-2.5-.6-.7-1.5-1-2.5-1h-8c-1.9 0-3.6-.7-4.9-2.1a6.8 6.8 0 0 1-2-5V11a7 7 0 0 1 6.9-7.1h13.8c1.9 0 3.6.7 4.9 2.1a6.8 6.8 0 0 1 2 5v26.1c0 2.5-.5 5-1.5 7.3-.9 2.2-2.3 4.3-3.9 6.1a20.2 20.2 0 0 1-5.9 4.1 17 17 0 0 1-7.1 1.5z\"><\/path><\/svg>\t\t\t\t<\/span>\n\t\t\t<\/div>\n\t\t\t\n\t\t\t\t\t\t<div class=\"elementor-icon-box-content\">\n\n\t\t\t\t\t\t\t\t\t<h5 class=\"elementor-icon-box-title\">\n\t\t\t\t\t\t<span  >\n\t\t\t\t\t\t\tPlamen<br> Martinov\t\t\t\t\t\t<\/span>\n\t\t\t\t\t<\/h5>\n\t\t\t\t\n\t\t\t\t\t\t\t\t\t<p class=\"elementor-icon-box-description\">\n\t\t\t\t\t\tGast\t\t\t\t\t<\/p>\n\t\t\t\t\n\t\t\t<\/div>\n\t\t\t\n\t\t<\/div>\n\t\t\t\t\t\t<\/div>\n\t\t\t\t<\/div>\n\t\t\t\t<\/div>\n\t\t<div class=\"elementor-element elementor-element-7ee0878 e-con-full e-flex e-con e-child\" data-id=\"7ee0878\" data-element_type=\"container\" data-e-type=\"container\">\n\t\t\t\t<div class=\"elementor-element elementor-element-928e182 elementor-widget elementor-widget-image\" data-id=\"928e182\" data-element_type=\"widget\" data-e-type=\"widget\" data-widget_type=\"image.default\">\n\t\t\t\t<div class=\"elementor-widget-container\">\n\t\t\t\t\t\t\t\t\t\t\t\t\t\t\t<img decoding=\"async\" width=\"644\" height=\"888\" src=\"https:\/\/chanioportarestaurant.gr\/wp-content\/uploads\/2022\/10\/testimonial-person.webp\" class=\"attachment-large size-large wp-image-91\" alt=\"\" srcset=\"https:\/\/chanioportarestaurant.gr\/wp-content\/uploads\/2022\/10\/testimonial-person.webp 644w, https:\/\/chanioportarestaurant.gr\/wp-content\/uploads\/2022\/10\/testimonial-person-218x300.webp 218w\" sizes=\"(max-width: 644px) 100vw, 644px\" \/>\t\t\t\t\t\t\t\t\t\t\t\t\t\t\t<\/div>\n\t\t\t\t<\/div>\n\t\t\t\t<\/div>\n\t\t\t\t\t<\/div>\n\t\t\t\t<\/div>\n\t\t\t\t<\/div>","protected":false},"excerpt":{"rendered":"<p>Das Leben ist zu kurz f\u00fcr langweiliges Essen Wir sind stolz darauf, authentische kretische K\u00fcche zu servieren, die die lebendigen Aromen unserer sch\u00f6nen Insel einf\u00e4ngt. \u00d6ffnungszeiten Mo. 12 - 12 Uhr Tischreservierung +330 281 031 0820 Speisekarte Schmecken Sie den Unterschied Der beste Ort zum Essen ist das Hanioporta Restaurant Beginnen Sie eine gastronomische Reise nach [...]<\/p>","protected":false},"author":1,"featured_media":0,"parent":0,"menu_order":0,"comment_status":"closed","ping_status":"closed","template":"","meta":{"footnotes":""},"class_list":["post-355","page","type-page","status-publish","hentry"],"blocksy_meta":{"page_title_panel":"","has_hero_section":"disabled","be59292c0e6cbf9fce564eea3514d7b2":"","hero_section":"type-1","hero_elements":[{"id":"custom_title","enabled":true,"heading_tag":"h1","title":"Home"},{"id":"custom_description","enabled":true,"description_visibility":{"desktop":true,"tablet":true,"mobile":false}},{"id":"custom_meta","enabled":false,"meta_elements":[{"id":"author","enabled":true,"label":"By","has_author_avatar":"yes","avatar_size":25},{"id":"post_date","enabled":true,"label":"On","date_format_source":"default","date_format":"M j, Y"},{"id":"updated_date","enabled":false,"label":"On","date_format_source":"default","date_format":"M j, Y"},{"id":"categories","enabled":false,"label":"In","style":"simple"},{"id":"comments","enabled":true}],"page_meta_elements":{"joined":true,"articles_count":true,"comments":true}},{"id":"breadcrumbs","enabled":false}],"8cc3d026a5eaa61634c1bfeb604d20ee":"","hero_alignment1":"CT_CSS_SKIP_RULE","hero_margin":40,"hero_alignment2":"center","hero_vertical_alignment":"center","88bf4368bef13e2d7eba17e9808f1cb9":"","hero_structure":"narrow","0e1d8c0716fb5efd74ee6e7cd73bfcfa":"","page_title_bg_type":"featured_image","custom_hero_background":{"attachment_id":null},"page_title_image_size":"full","parallax":{"desktop":false,"tablet":false,"mobile":false},"925db2cf767c341ecfc54af32d8ed3bd":"","hero_height":"250px","pageTitleFont":{"family":"Default","variation":"Default","size":"30px","line-height":"CT_CSS_SKIP_RULE","letter-spacing":"CT_CSS_SKIP_RULE","text-transform":"CT_CSS_SKIP_RULE","text-decoration":"CT_CSS_SKIP_RULE"},"pageTitleFontColor":{"default":{"color":"CT_CSS_SKIP_RULEDEFAULT"}},"pageMetaFont":{"family":"Default","variation":"n6","size":"12px","line-height":"1.3","letter-spacing":"CT_CSS_SKIP_RULE","text-transform":"uppercase","text-decoration":"CT_CSS_SKIP_RULE"},"pageMetaFontColor":{"default":{"color":"CT_CSS_SKIP_RULEDEFAULT"},"hover":{"color":"CT_CSS_SKIP_RULEDEFAULT"}},"page_meta_button_type_font_colors":{"default":{"color":"CT_CSS_SKIP_RULEDEFAULT"},"hover":{"color":"CT_CSS_SKIP_RULEDEFAULT"}},"page_meta_button_type_background_colors":{"default":{"color":"CT_CSS_SKIP_RULEDEFAULT"},"hover":{"color":"CT_CSS_SKIP_RULEDEFAULT"}},"pageExcerptFont":{"family":"Default","variation":"Default","size":"CT_CSS_SKIP_RULE","line-height":"CT_CSS_SKIP_RULE","letter-spacing":"CT_CSS_SKIP_RULE","text-transform":"CT_CSS_SKIP_RULE","text-decoration":"CT_CSS_SKIP_RULE"},"pageExcerptColor":{"default":{"color":"CT_CSS_SKIP_RULEDEFAULT"}},"breadcrumbsFont":{"family":"Default","variation":"Default","size":"CT_CSS_SKIP_RULE","line-height":"CT_CSS_SKIP_RULE","letter-spacing":"CT_CSS_SKIP_RULE","text-transform":"CT_CSS_SKIP_RULE","text-decoration":"CT_CSS_SKIP_RULE"},"breadcrumbsFontColor":{"default":{"color":"CT_CSS_SKIP_RULEDEFAULT"},"initial":{"color":"CT_CSS_SKIP_RULEDEFAULT"},"hover":{"color":"CT_CSS_SKIP_RULEDEFAULT"}},"pageTitleOverlay":{"background_type":"color","background_pattern":"type-1","background_image":{"attachment_id":null,"x":0,"y":0},"gradient":"linear-gradient(135deg,rgba(6,147,227,1) 0%,rgb(155,81,224) 100%)","background_repeat":"repeat","background_size":"auto","background_attachment":"scroll","patternColor":{"default":{"color":"#e5e7ea"}},"overlayColor":{"default":{"color":"CT_CSS_SKIP_RULE"}},"backgroundColor":{"default":{"color":"CT_CSS_SKIP_RULE"}}},"pageTitleBackground":{"background_type":"color","background_pattern":"type-1","background_image":{"attachment_id":null,"x":0,"y":0},"gradient":"linear-gradient(135deg,rgba(6,147,227,1) 0%,rgb(155,81,224) 100%)","background_repeat":"repeat","background_size":"auto","background_attachment":"scroll","patternColor":{"default":{"color":"#e5e7ea"}},"overlayColor":{"default":{"color":"CT_CSS_SKIP_RULE"}},"backgroundColor":{"default":{"color":"var(--theme-palette-color-6)"}}},"pageTitlePadding":{"top":"50px","bottom":"50px","left":"auto","right":"auto","linked":true},"51164153093ded3b43155c8003b9d548":"","page_structure_type":"default","a5fa6b8072bfc9a95cfbb4b6a4caeeb2":"","content_style_source":"inherit","content_style":"wide","vertical_spacing_source":"custom","content_area_spacing":"none","background":{"background_type":"color","background_pattern":"type-1","background_image":{"attachment_id":null,"x":0,"y":0},"gradient":"linear-gradient(135deg,rgba(6,147,227,1) 0%,rgb(155,81,224) 100%)","background_repeat":"repeat","background_size":"auto","background_attachment":"scroll","patternColor":{"default":{"color":"#e5e7ea"}},"overlayColor":{"default":{"color":"CT_CSS_SKIP_RULE"}},"backgroundColor":{"default":{"color":"CT_CSS_SKIP_RULE"}}},"content_background":{"background_type":"color","background_pattern":"type-1","background_image":{"attachment_id":null,"x":0,"y":0},"gradient":"linear-gradient(135deg,rgba(6,147,227,1) 0%,rgb(155,81,224) 100%)","background_repeat":"repeat","background_size":"auto","background_attachment":"scroll","patternColor":{"default":{"color":"#e5e7ea"}},"overlayColor":{"default":{"color":"CT_CSS_SKIP_RULE"}},"backgroundColor":{"default":{"color":"var(--theme-palette-color-8)"}}},"content_boxed_shadow":{"inherit":false,"blur":18,"spread":-6,"v_offset":12,"h_offset":0,"inset":false,"enable":true,"color":{"color":"rgba(34, 56, 101, 0.04)"}},"content_boxed_border":{"width":1,"style":"none","color":{"color":"rgba(44,62,80,0.2)"}},"content_boxed_radius":{"top":"3px","bottom":"3px","left":"3px","right":"3px","linked":true},"boxed_content_spacing":{"desktop":{"top":"40px","bottom":"40px","left":"40px","right":"40px","linked":true},"tablet":{"top":"35px","bottom":"35px","left":"35px","right":"35px","linked":true},"mobile":{"top":"20px","bottom":"20px","left":"20px","right":"20px","linked":true}},"6dc7ae5d1f2a9f5fbb5e09835ee2d307":"","disable_featured_image":"no","disable_share_box":"no","disable_header":"no","disable_footer":"no","styles_descriptor":{"styles":{"desktop":"","tablet":"","mobile":""},"google_fonts":[],"version":6}},"_links":{"self":[{"href":"https:\/\/chanioportarestaurant.gr\/de\/wp-json\/wp\/v2\/pages\/355","targetHints":{"allow":["GET"]}}],"collection":[{"href":"https:\/\/chanioportarestaurant.gr\/de\/wp-json\/wp\/v2\/pages"}],"about":[{"href":"https:\/\/chanioportarestaurant.gr\/de\/wp-json\/wp\/v2\/types\/page"}],"author":[{"embeddable":true,"href":"https:\/\/chanioportarestaurant.gr\/de\/wp-json\/wp\/v2\/users\/1"}],"replies":[{"embeddable":true,"href":"https:\/\/chanioportarestaurant.gr\/de\/wp-json\/wp\/v2\/comments?post=355"}],"version-history":[{"count":7,"href":"https:\/\/chanioportarestaurant.gr\/de\/wp-json\/wp\/v2\/pages\/355\/revisions"}],"predecessor-version":[{"id":1045,"href":"https:\/\/chanioportarestaurant.gr\/de\/wp-json\/wp\/v2\/pages\/355\/revisions\/1045"}],"wp:attachment":[{"href":"https:\/\/chanioportarestaurant.gr\/de\/wp-json\/wp\/v2\/media?parent=355"}],"curies":[{"name":"wp","href":"https:\/\/api.w.org\/{rel}","templated":true}]}}