{"id":357,"date":"2022-10-28T14:07:07","date_gmt":"2022-10-28T11:07:07","guid":{"rendered":"https:\/\/demo.creativethemes.com\/elementor\/restaurant\/?page_id=357"},"modified":"2023-06-02T10:48:36","modified_gmt":"2023-06-02T07:48:36","slug":"gia-emas","status":"publish","type":"page","link":"https:\/\/chanioportarestaurant.gr\/fr\/gia-emas\/","title":{"rendered":"Pour nous"},"content":{"rendered":"<div data-elementor-type=\"wp-page\" data-elementor-id=\"357\" class=\"elementor elementor-357\" data-elementor-post-type=\"page\">\n\t\t\t\t<div class=\"elementor-element elementor-element-49b2826 e-flex e-con-boxed e-con e-parent\" data-id=\"49b2826\" data-element_type=\"container\" data-e-type=\"container\" data-settings=\"{&quot;background_background&quot;:&quot;classic&quot;}\">\n\t\t\t\t\t<div class=\"e-con-inner\">\n\t\t\t\t<div class=\"elementor-element elementor-element-51cfb26 elementor-widget elementor-widget-heading\" data-id=\"51cfb26\" data-element_type=\"widget\" data-e-type=\"widget\" data-widget_type=\"heading.default\">\n\t\t\t\t<div class=\"elementor-widget-container\">\n\t\t\t\t\t<h2 class=\"elementor-heading-title elementor-size-default\">Pour nous<\/h2>\t\t\t\t<\/div>\n\t\t\t\t<\/div>\n\t\t\t\t<div class=\"elementor-element elementor-element-726ee6b elementor-widget elementor-widget-text-editor\" data-id=\"726ee6b\" data-element_type=\"widget\" data-e-type=\"widget\" data-widget_type=\"text-editor.default\">\n\t\t\t\t<div class=\"elementor-widget-container\">\n\t\t\t\t\t\t\t\t\t<p>Bienvenue au Chanioporta, un lieu gastronomique situ\u00e9 au c\u0153ur d'H\u00e9raklion, en Cr\u00e8te. Nous sommes fiers de servir une cuisine cr\u00e9toise authentique qui capture les saveurs vibrantes de notre belle \u00eele.<\/p>\t\t\t\t\t\t\t\t<\/div>\n\t\t\t\t<\/div>\n\t\t\t\t<div class=\"elementor-element elementor-element-47d13ea ct-animated-scroll-icon elementor-view-default elementor-widget elementor-widget-icon\" data-id=\"47d13ea\" data-element_type=\"widget\" data-e-type=\"widget\" data-widget_type=\"icon.default\">\n\t\t\t\t<div class=\"elementor-widget-container\">\n\t\t\t\t\t\t\t<div class=\"elementor-icon-wrapper\">\n\t\t\t<div class=\"elementor-icon\">\n\t\t\t<svg xmlns=\"http:\/\/www.w3.org\/2000\/svg\" viewbox=\"0 0 50 50\"><path d=\"M25 0C16.4 0 9.4 7 9.4 15.6v18.8a15.6 15.6 0 0 0 31.2 0V15.6C40.6 7 33.6 0 25 0zm12.5 34.4a12.5 12.5 0 0 1-25 0V15.6a12.5 12.5 0 0 1 25 0v18.8z\"><\/path><circle cx=\"25\" cy=\"11.6\" r=\"4\"><\/circle><\/svg>\t\t\t<\/div>\n\t\t<\/div>\n\t\t\t\t\t\t<\/div>\n\t\t\t\t<\/div>\n\t\t\t\t\t<\/div>\n\t\t\t\t<\/div>\n\t\t<div class=\"elementor-element elementor-element-e8d97af e-flex e-con-boxed e-con e-parent\" data-id=\"e8d97af\" data-element_type=\"container\" data-e-type=\"container\">\n\t\t\t\t\t<div class=\"e-con-inner\">\n\t\t<div class=\"elementor-element elementor-element-9fc5067 e-con-full e-flex e-con e-child\" data-id=\"9fc5067\" data-element_type=\"container\" data-e-type=\"container\">\n\t\t\t\t<div class=\"elementor-element elementor-element-0085456 elementor-widget elementor-widget-heading\" data-id=\"0085456\" data-element_type=\"widget\" data-e-type=\"widget\" data-widget_type=\"heading.default\">\n\t\t\t\t<div class=\"elementor-widget-container\">\n\t\t\t\t\t<h2 class=\"elementor-heading-title elementor-size-default\">Cuisine cr\u00e9toise authentique \u00e0 H\u00e9raklion<\/h2>\t\t\t\t<\/div>\n\t\t\t\t<\/div>\n\t\t\t\t<div class=\"elementor-element elementor-element-205a174 elementor-widget elementor-widget-text-editor\" data-id=\"205a174\" data-element_type=\"widget\" data-e-type=\"widget\" data-widget_type=\"text-editor.default\">\n\t\t\t\t<div class=\"elementor-widget-container\">\n\t\t\t\t\t\t\t\t\t<p>Notre menu est un savoureux m\u00e9lange de plats traditionnels et de versions innovantes des plats cr\u00e9tois pr\u00e9f\u00e9r\u00e9s, tous pr\u00e9par\u00e9s avec les ingr\u00e9dients locaux les plus frais.<\/p>\t\t\t\t\t\t\t\t<\/div>\n\t\t\t\t<\/div>\n\t\t\t\t<div class=\"elementor-element elementor-element-e8a9373 elementor-tablet-align-left elementor-mobile-align-center elementor-widget elementor-widget-button\" data-id=\"e8a9373\" data-element_type=\"widget\" data-e-type=\"widget\" data-widget_type=\"button.default\">\n\t\t\t\t<div class=\"elementor-widget-container\">\n\t\t\t\t\t\t\t\t\t<div class=\"elementor-button-wrapper\">\n\t\t\t\t\t<a class=\"elementor-button elementor-button-link elementor-size-sm\" href=\"https:\/\/chanioportarestaurant.gr\/fr\/reservation\/\">\n\t\t\t\t\t\t<span class=\"elementor-button-content-wrapper\">\n\t\t\t\t\t\t\t\t\t<span class=\"elementor-button-text\">Table de lecture<\/span>\n\t\t\t\t\t<\/span>\n\t\t\t\t\t<\/a>\n\t\t\t\t<\/div>\n\t\t\t\t\t\t\t\t<\/div>\n\t\t\t\t<\/div>\n\t\t\t\t<\/div>\n\t\t<div class=\"elementor-element elementor-element-e7aedbc e-con-full e-flex e-con e-child\" data-id=\"e7aedbc\" data-element_type=\"container\" data-e-type=\"container\">\n\t\t\t\t<div class=\"elementor-element elementor-element-f38d7b9 elementor-widget elementor-widget-image\" data-id=\"f38d7b9\" data-element_type=\"widget\" data-e-type=\"widget\" data-widget_type=\"image.default\">\n\t\t\t\t<div class=\"elementor-widget-container\">\n\t\t\t\t\t\t\t\t\t\t\t\t\t\t\t<img fetchpriority=\"high\" decoding=\"async\" width=\"588\" height=\"588\" src=\"https:\/\/chanioportarestaurant.gr\/wp-content\/uploads\/2022\/10\/about-cta-image-1.webp\" class=\"attachment-large size-large wp-image-244\" alt=\"\" srcset=\"https:\/\/chanioportarestaurant.gr\/wp-content\/uploads\/2022\/10\/about-cta-image-1.webp 588w, https:\/\/chanioportarestaurant.gr\/wp-content\/uploads\/2022\/10\/about-cta-image-1-300x300.webp 300w, https:\/\/chanioportarestaurant.gr\/wp-content\/uploads\/2022\/10\/about-cta-image-1-150x150.webp 150w\" sizes=\"(max-width: 588px) 100vw, 588px\" \/>\t\t\t\t\t\t\t\t\t\t\t\t\t\t\t<\/div>\n\t\t\t\t<\/div>\n\t\t\t\t<div class=\"elementor-element elementor-element-42d74ad elementor-widget elementor-widget-image\" data-id=\"42d74ad\" data-element_type=\"widget\" data-e-type=\"widget\" data-widget_type=\"image.default\">\n\t\t\t\t<div class=\"elementor-widget-container\">\n\t\t\t\t\t\t\t\t\t\t\t\t\t\t\t<img decoding=\"async\" width=\"588\" height=\"374\" src=\"https:\/\/chanioportarestaurant.gr\/wp-content\/uploads\/2022\/10\/about-cta-image-3-1.webp\" class=\"attachment-large size-large wp-image-350\" alt=\"\" srcset=\"https:\/\/chanioportarestaurant.gr\/wp-content\/uploads\/2022\/10\/about-cta-image-3-1.webp 588w, https:\/\/chanioportarestaurant.gr\/wp-content\/uploads\/2022\/10\/about-cta-image-3-1-300x191.webp 300w\" sizes=\"(max-width: 588px) 100vw, 588px\" \/>\t\t\t\t\t\t\t\t\t\t\t\t\t\t\t<\/div>\n\t\t\t\t<\/div>\n\t\t\t\t<\/div>\n\t\t<div class=\"elementor-element elementor-element-0adf9de e-con-full e-flex e-con e-child\" data-id=\"0adf9de\" data-element_type=\"container\" data-e-type=\"container\">\n\t\t\t\t<div class=\"elementor-element elementor-element-4a5ceb7 elementor-widget elementor-widget-image\" data-id=\"4a5ceb7\" data-element_type=\"widget\" data-e-type=\"widget\" data-widget_type=\"image.default\">\n\t\t\t\t<div class=\"elementor-widget-container\">\n\t\t\t\t\t\t\t\t\t\t\t\t\t\t\t<img decoding=\"async\" width=\"583\" height=\"1024\" src=\"https:\/\/chanioportarestaurant.gr\/wp-content\/uploads\/2022\/10\/about-cta-image-2-583x1024.webp\" class=\"attachment-large size-large wp-image-245\" alt=\"\" srcset=\"https:\/\/chanioportarestaurant.gr\/wp-content\/uploads\/2022\/10\/about-cta-image-2-583x1024.webp 583w, https:\/\/chanioportarestaurant.gr\/wp-content\/uploads\/2022\/10\/about-cta-image-2-171x300.webp 171w, https:\/\/chanioportarestaurant.gr\/wp-content\/uploads\/2022\/10\/about-cta-image-2.webp 660w\" sizes=\"(max-width: 583px) 100vw, 583px\" \/>\t\t\t\t\t\t\t\t\t\t\t\t\t\t\t<\/div>\n\t\t\t\t<\/div>\n\t\t\t\t<\/div>\n\t\t\t\t\t<\/div>\n\t\t\t\t<\/div>\n\t\t<div class=\"elementor-element elementor-element-72af586 e-flex e-con-boxed e-con e-parent\" data-id=\"72af586\" data-element_type=\"container\" data-e-type=\"container\">\n\t\t\t\t\t<div class=\"e-con-inner\">\n\t\t<div class=\"elementor-element elementor-element-549be1a e-con-full e-flex e-con e-child\" data-id=\"549be1a\" data-element_type=\"container\" data-e-type=\"container\" data-settings=\"{&quot;background_background&quot;:&quot;classic&quot;}\">\n\t\t\t\t<div class=\"elementor-element elementor-element-5864525 elementor-widget elementor-widget-image\" data-id=\"5864525\" data-element_type=\"widget\" data-e-type=\"widget\" data-widget_type=\"image.default\">\n\t\t\t\t<div class=\"elementor-widget-container\">\n\t\t\t\t\t\t\t\t\t\t\t\t\t\t\t<img loading=\"lazy\" decoding=\"async\" width=\"648\" height=\"648\" src=\"https:\/\/chanioportarestaurant.gr\/wp-content\/uploads\/2022\/10\/about-cta-image-3.webp\" class=\"attachment-large size-large wp-image-257\" alt=\"\" srcset=\"https:\/\/chanioportarestaurant.gr\/wp-content\/uploads\/2022\/10\/about-cta-image-3.webp 648w, https:\/\/chanioportarestaurant.gr\/wp-content\/uploads\/2022\/10\/about-cta-image-3-300x300.webp 300w, https:\/\/chanioportarestaurant.gr\/wp-content\/uploads\/2022\/10\/about-cta-image-3-150x150.webp 150w\" sizes=\"(max-width: 648px) 100vw, 648px\" \/>\t\t\t\t\t\t\t\t\t\t\t\t\t\t\t<\/div>\n\t\t\t\t<\/div>\n\t\t\t\t<\/div>\n\t\t<div class=\"elementor-element elementor-element-fcc5632 e-con-full e-flex e-con e-child\" data-id=\"fcc5632\" data-element_type=\"container\" data-e-type=\"container\" data-settings=\"{&quot;background_background&quot;:&quot;classic&quot;}\">\n\t\t\t\t<div class=\"elementor-element elementor-element-fb123a1 elementor-widget elementor-widget-heading\" data-id=\"fb123a1\" data-element_type=\"widget\" data-e-type=\"widget\" data-widget_type=\"heading.default\">\n\t\t\t\t<div class=\"elementor-widget-container\">\n\t\t\t\t\t<h2 class=\"elementor-heading-title elementor-size-default\">Savourer la cuisine cr\u00e9toise<\/h2>\t\t\t\t<\/div>\n\t\t\t\t<\/div>\n\t\t\t\t<div class=\"elementor-element elementor-element-9daff45 elementor-widget elementor-widget-text-editor\" data-id=\"9daff45\" data-element_type=\"widget\" data-e-type=\"widget\" data-widget_type=\"text-editor.default\">\n\t\t\t\t<div class=\"elementor-widget-container\">\n\t\t\t\t\t\t\t\t\t<p>Savourez les saveurs de la Cr\u00e8te au restaurant Hanioporta, un restaurant d'H\u00e9raklion qui sert une gamme de plats traditionnels pr\u00e9par\u00e9s avec soin et passion \u00e0 partir des ingr\u00e9dients locaux les plus frais.<\/p>\t\t\t\t\t\t\t\t<\/div>\n\t\t\t\t<\/div>\n\t\t\t\t<\/div>\n\t\t\t\t\t<\/div>\n\t\t\t\t<\/div>\n\t\t\t\t<\/div>","protected":false},"excerpt":{"rendered":"<p>\u0393\u03b9\u03b1 \u0395\u03bc\u03ac\u03c2 \u039a\u03b1\u03bb\u03ce\u03c2 \u03ae\u03c1\u03b8\u03b1\u03c4\u03b5 \u03c3\u03c4\u03bf Chanioporta, \u03ad\u03bd\u03b1\u03c2 \u03b3\u03b1\u03c3\u03c4\u03c1\u03bf\u03bd\u03bf\u03bc\u03b9\u03ba\u03cc\u03c2 \u03c6\u03ac\u03c1\u03bf\u03c2 \u03c0\u03bf\u03c5 \u03b2\u03c1\u03af\u03c3\u03ba\u03b5\u03c4\u03b1\u03b9 \u03c3\u03c4\u03b7\u03bd \u03ba\u03b1\u03c1\u03b4\u03b9\u03ac \u03c4\u03bf\u03c5 \u0397\u03c1\u03b1\u03ba\u03bb\u03b5\u03af\u03bf\u03c5 \u039a\u03c1\u03ae\u03c4\u03b7\u03c2. \u0395\u03af\u03bc\u03b1\u03c3\u03c4\u03b5 \u03c0\u03b5\u03c1\u03ae\u03c6\u03b1\u03bd\u03bf\u03b9 \u03c0\u03bf\u03c5 \u03c3\u03b5\u03c1\u03b2\u03af\u03c1\u03bf\u03c5\u03bc\u03b5 \u03b1\u03c5\u03b8\u03b5\u03bd\u03c4\u03b9\u03ba\u03ae \u03ba\u03c1\u03b7\u03c4\u03b9\u03ba\u03ae \u03ba\u03bf\u03c5\u03b6\u03af\u03bd\u03b1 \u03c0\u03bf\u03c5 \u03b1\u03b9\u03c7\u03bc\u03b1\u03bb\u03c9\u03c4\u03af\u03b6\u03b5\u03b9 \u03c4\u03b9\u03c2 \u03b6\u03c9\u03b7\u03c1\u03ad\u03c2 \u03b3\u03b5\u03cd\u03c3\u03b5\u03b9\u03c2 \u03c4\u03bf\u03c5 \u03cc\u03bc\u03bf\u03c1\u03c6\u03bf\u03c5 \u03bd\u03b7\u03c3\u03b9\u03bf\u03cd \u03bc\u03b1\u03c2. \u0391\u03c5\u03b8\u03b5\u03bd\u03c4\u03b9\u03ba\u03ae \u039a\u03c1\u03b7\u03c4\u03b9\u03ba\u03ae \u039a\u03bf\u03c5\u03b6\u03af\u03bd\u03b1 \u03c3\u03c4\u03bf \u0397\u03c1\u03ac\u03ba\u03bb\u03b5\u03b9\u03bf \u03a4\u03bf \u03bc\u03b5\u03bd\u03bf\u03cd \u03bc\u03b1\u03c2 \u03b5\u03af\u03bd\u03b1\u03b9 \u03bc\u03b9\u03b1 \u03b5\u03c5\u03c7\u03ac\u03c1\u03b9\u03c3\u03c4\u03b7 \u03b1\u03bd\u03ac\u03bc\u03b5\u03b9\u03be\u03b7 \u03c0\u03b1\u03c1\u03b1\u03b4\u03bf\u03c3\u03b9\u03b1\u03ba\u03ce\u03bd \u03c0\u03b9\u03ac\u03c4\u03c9\u03bd \u03ba\u03b1\u03b9 \u03ba\u03b1\u03b9\u03bd\u03bf\u03c4\u03cc\u03bc\u03c9\u03bd \u03b5\u03ba\u03b4\u03bf\u03c7\u03ce\u03bd \u03c4\u03c9\u03bd \u03b1\u03b3\u03b1\u03c0\u03b7\u03bc\u03ad\u03bd\u03c9\u03bd \u03c4\u03b7\u03c2 \u039a\u03c1\u03ae\u03c4\u03b7\u03c2, \u03cc\u03bb\u03b1 \u03c0\u03c1\u03bf\u03b5\u03c4\u03bf\u03b9\u03bc\u03b1\u03c3\u03bc\u03ad\u03bd\u03b1 [&hellip;]<\/p>","protected":false},"author":1,"featured_media":0,"parent":0,"menu_order":0,"comment_status":"closed","ping_status":"closed","template":"","meta":{"footnotes":""},"class_list":["post-357","page","type-page","status-publish","hentry"],"blocksy_meta":{"page_title_panel":"","has_hero_section":"disabled","12fc41bb70c28cf055f6f222f63a6fa3":"","hero_section":"type-1","hero_elements":[{"id":"custom_title","enabled":true,"heading_tag":"h1","title":"Home"},{"id":"custom_description","enabled":true,"description_visibility":{"desktop":true,"tablet":true,"mobile":false}},{"id":"custom_meta","enabled":false,"meta_elements":[{"id":"author","enabled":true,"label":"By","has_author_avatar":"yes","avatar_size":25},{"id":"post_date","enabled":true,"label":"On","date_format_source":"default","date_format":"M j, Y"},{"id":"updated_date","enabled":false,"label":"On","date_format_source":"default","date_format":"M j, Y"},{"id":"categories","enabled":false,"label":"In","style":"simple"},{"id":"comments","enabled":true}],"page_meta_elements":{"joined":true,"articles_count":true,"comments":true}},{"id":"breadcrumbs","enabled":false}],"f786e1bdf245028f5e56d969cf7e26c8":"","hero_alignment1":"CT_CSS_SKIP_RULE","hero_margin":40,"hero_alignment2":"center","hero_vertical_alignment":"center","11c3233d02be63ef0250d7cf1ea8d0e1":"","hero_structure":"narrow","a860b481133a86013584e80ab59252c5":"","page_title_bg_type":"featured_image","custom_hero_background":{"attachment_id":null},"page_title_image_size":"full","parallax":{"desktop":false,"tablet":false,"mobile":false},"5fe0f96ec653e09f572395ff1323f34a":"","hero_height":"250px","pageTitleFont":{"family":"Default","variation":"Default","size":"30px","line-height":"CT_CSS_SKIP_RULE","letter-spacing":"CT_CSS_SKIP_RULE","text-transform":"CT_CSS_SKIP_RULE","text-decoration":"CT_CSS_SKIP_RULE"},"pageTitleFontColor":{"default":{"color":"CT_CSS_SKIP_RULEDEFAULT"}},"pageMetaFont":{"family":"Default","variation":"n6","size":"12px","line-height":"1.3","letter-spacing":"CT_CSS_SKIP_RULE","text-transform":"uppercase","text-decoration":"CT_CSS_SKIP_RULE"},"pageMetaFontColor":{"default":{"color":"CT_CSS_SKIP_RULEDEFAULT"},"hover":{"color":"CT_CSS_SKIP_RULEDEFAULT"}},"page_meta_button_type_font_colors":{"default":{"color":"CT_CSS_SKIP_RULEDEFAULT"},"hover":{"color":"CT_CSS_SKIP_RULEDEFAULT"}},"page_meta_button_type_background_colors":{"default":{"color":"CT_CSS_SKIP_RULEDEFAULT"},"hover":{"color":"CT_CSS_SKIP_RULEDEFAULT"}},"pageExcerptFont":{"family":"Default","variation":"Default","size":"CT_CSS_SKIP_RULE","line-height":"CT_CSS_SKIP_RULE","letter-spacing":"CT_CSS_SKIP_RULE","text-transform":"CT_CSS_SKIP_RULE","text-decoration":"CT_CSS_SKIP_RULE"},"pageExcerptColor":{"default":{"color":"CT_CSS_SKIP_RULEDEFAULT"}},"breadcrumbsFont":{"family":"Default","variation":"Default","size":"CT_CSS_SKIP_RULE","line-height":"CT_CSS_SKIP_RULE","letter-spacing":"CT_CSS_SKIP_RULE","text-transform":"CT_CSS_SKIP_RULE","text-decoration":"CT_CSS_SKIP_RULE"},"breadcrumbsFontColor":{"default":{"color":"CT_CSS_SKIP_RULEDEFAULT"},"initial":{"color":"CT_CSS_SKIP_RULEDEFAULT"},"hover":{"color":"CT_CSS_SKIP_RULEDEFAULT"}},"pageTitleOverlay":{"background_type":"color","background_pattern":"type-1","background_image":{"attachment_id":null,"x":0,"y":0},"gradient":"linear-gradient(135deg,rgba(6,147,227,1) 0%,rgb(155,81,224) 100%)","background_repeat":"repeat","background_size":"auto","background_attachment":"scroll","patternColor":{"default":{"color":"#e5e7ea"}},"overlayColor":{"default":{"color":"CT_CSS_SKIP_RULE"}},"backgroundColor":{"default":{"color":"CT_CSS_SKIP_RULE"}}},"pageTitleBackground":{"background_type":"color","background_pattern":"type-1","background_image":{"attachment_id":null,"x":0,"y":0},"gradient":"linear-gradient(135deg,rgba(6,147,227,1) 0%,rgb(155,81,224) 100%)","background_repeat":"repeat","background_size":"auto","background_attachment":"scroll","patternColor":{"default":{"color":"#e5e7ea"}},"overlayColor":{"default":{"color":"CT_CSS_SKIP_RULE"}},"backgroundColor":{"default":{"color":"var(--theme-palette-color-6)"}}},"pageTitlePadding":{"top":"50px","bottom":"50px","left":"auto","right":"auto","linked":true},"a303ba96105db1c68f6628b158b8dbfa":"","page_structure_type":"default","aa6c2694a416349cbc7345e4d010568f":"","content_style_source":"inherit","content_style":"wide","vertical_spacing_source":"custom","content_area_spacing":"none","background":{"background_type":"color","background_pattern":"type-1","background_image":{"attachment_id":null,"x":0,"y":0},"gradient":"linear-gradient(135deg,rgba(6,147,227,1) 0%,rgb(155,81,224) 100%)","background_repeat":"repeat","background_size":"auto","background_attachment":"scroll","patternColor":{"default":{"color":"#e5e7ea"}},"overlayColor":{"default":{"color":"CT_CSS_SKIP_RULE"}},"backgroundColor":{"default":{"color":"CT_CSS_SKIP_RULE"}}},"content_background":{"background_type":"color","background_pattern":"type-1","background_image":{"attachment_id":null,"x":0,"y":0},"gradient":"linear-gradient(135deg,rgba(6,147,227,1) 0%,rgb(155,81,224) 100%)","background_repeat":"repeat","background_size":"auto","background_attachment":"scroll","patternColor":{"default":{"color":"#e5e7ea"}},"overlayColor":{"default":{"color":"CT_CSS_SKIP_RULE"}},"backgroundColor":{"default":{"color":"var(--theme-palette-color-8)"}}},"content_boxed_shadow":{"inherit":false,"blur":18,"spread":-6,"v_offset":12,"h_offset":0,"inset":false,"enable":true,"color":{"color":"rgba(34, 56, 101, 0.04)"}},"content_boxed_border":{"width":1,"style":"none","color":{"color":"rgba(44,62,80,0.2)"}},"content_boxed_radius":{"top":"3px","bottom":"3px","left":"3px","right":"3px","linked":true},"boxed_content_spacing":{"desktop":{"top":"40px","bottom":"40px","left":"40px","right":"40px","linked":true},"tablet":{"top":"35px","bottom":"35px","left":"35px","right":"35px","linked":true},"mobile":{"top":"20px","bottom":"20px","left":"20px","right":"20px","linked":true}},"85e664fdc279c89ca91d311c866b8263":"","disable_featured_image":"no","disable_share_box":"no","disable_header":"no","disable_footer":"no","styles_descriptor":{"styles":{"desktop":"","tablet":"","mobile":""},"google_fonts":[],"version":6}},"_links":{"self":[{"href":"https:\/\/chanioportarestaurant.gr\/fr\/wp-json\/wp\/v2\/pages\/357","targetHints":{"allow":["GET"]}}],"collection":[{"href":"https:\/\/chanioportarestaurant.gr\/fr\/wp-json\/wp\/v2\/pages"}],"about":[{"href":"https:\/\/chanioportarestaurant.gr\/fr\/wp-json\/wp\/v2\/types\/page"}],"author":[{"embeddable":true,"href":"https:\/\/chanioportarestaurant.gr\/fr\/wp-json\/wp\/v2\/users\/1"}],"replies":[{"embeddable":true,"href":"https:\/\/chanioportarestaurant.gr\/fr\/wp-json\/wp\/v2\/comments?post=357"}],"version-history":[{"count":10,"href":"https:\/\/chanioportarestaurant.gr\/fr\/wp-json\/wp\/v2\/pages\/357\/revisions"}],"predecessor-version":[{"id":974,"href":"https:\/\/chanioportarestaurant.gr\/fr\/wp-json\/wp\/v2\/pages\/357\/revisions\/974"}],"wp:attachment":[{"href":"https:\/\/chanioportarestaurant.gr\/fr\/wp-json\/wp\/v2\/media?parent=357"}],"curies":[{"name":"wp","href":"https:\/\/api.w.org\/{rel}","templated":true}]}}